{"id":740,"date":"2025-06-13T19:01:37","date_gmt":"2025-06-13T19:01:37","guid":{"rendered":"https:\/\/weixelbaumer-n.web.kslinz.at\/wp2025\/?page_id=740"},"modified":"2025-06-13T22:21:22","modified_gmt":"2025-06-13T22:21:22","slug":"impressum","status":"publish","type":"page","link":"https:\/\/weixelbaumer-n.web.kslinz.at\/wp2025\/?page_id=740","title":{"rendered":"Impressum"},"content":{"rendered":"\n<h1 class=\"wp-block-heading\">IMPRESSUM<\/h1>\n\n\n\n<p>Impressum<\/p>\n\n\n\n<p>Angaben gem\u00e4\u00df \u00a7 5 E-Commerce-Gesetz, \u00a7 24 Mediengesetz:<\/p>\n\n\n\n<p>Name:<br>Niclas Weixelbaumer<br>Adresse:<br>Stockhofstra\u00dfe 10<br>4020 Linz<br>\u00d6sterreich<\/p>\n\n\n\n<p>Kontakt:<br>Telefon: 101-0101-0101<br>E-Mail: WEIXELBAUMER.N@hlw.kslinz.at<\/p>\n\n\n\n<p>Verantwortlich f\u00fcr den Inhalt nach \u00a7 55 Abs. 2 RStV:<br>Niclas Weixelbaumer, Stockhofstra\u00dfe 10, 4020 Linz<\/p>\n\n\n\n<p>EU-Streitschlichtung:<br>Die EU-Kommission stellt eine Plattform zur Online\u2011Streitbeilegung (OS) bereit:<br>https:\/\/ec.europa.eu\/odr.<\/p>\n\n\n\n<p>Haftung f\u00fcr Inhalte:<br>Als Diensteanbieter bin ich gem\u00e4\u00df \u00a7 7 Abs.1 ECG f\u00fcr eigene Inhalte auf diesen Seiten nach den allgemeinen Gesetzen verantwortlich. Nach \u00a7\u00a7 8 bis 10 ECG bin ich als Diensteanbieter jedoch nicht verpflichtet, \u00fcbermittelte oder gespeicherte fremde Informationen zu \u00fcberwachen \u2026 [ggf. Link-Disclaimer].<\/p>\n\n\n\n<p>Dieses Impressum gilt auch f\u00fcr die Social\u2011Media\u2011Profile:<br>Facebook, Instagram, LinkedIn.<\/p>\n\n\n\n<div class=\"wp-block-buttons is-layout-flex wp-block-buttons-is-layout-flex\">\n<div class=\"wp-block-button\"><a class=\"wp-block-button__link wp-element-button\" href=\"https:\/\/weixelbaumer-n.web.kslinz.at\/wp2025\/?page_id=791\">Click me<\/a><\/div>\n<\/div>\n\n\n\n<p><\/p>\n","protected":false},"excerpt":{"rendered":"<p>IMPRESSUM Impressum Angaben gem\u00e4\u00df \u00a7 5 E-Commerce-Gesetz, \u00a7 24 Mediengesetz: Name:Niclas WeixelbaumerAdresse:Stockhofstra\u00dfe 104020 Linz\u00d6sterreich Kontakt:Telefon: 101-0101-0101E-Mail: WEIXELBAUMER.N@hlw.kslinz.at Verantwortlich f\u00fcr den [&hellip;]<\/p>\n","protected":false},"author":6,"featured_media":0,"parent":0,"menu_order":0,"comment_status":"closed","ping_status":"closed","template":"","meta":{"_uag_custom_page_level_css":"","site-sidebar-layout":"default","site-content-layout":"","ast-site-content-layout":"default","site-content-style":"default","site-sidebar-style":"default","ast-global-header-display":"","ast-banner-title-visibility":"","ast-main-header-display":"","ast-hfb-above-header-display":"","ast-hfb-below-header-display":"","ast-hfb-mobile-header-display":"","site-post-title":"","ast-breadcrumbs-content":"","ast-featured-img":"","footer-sml-layout":"","ast-disable-related-posts":"","theme-transparent-header-meta":"","adv-header-id-meta":"","stick-header-meta":"","header-above-stick-meta":"","header-main-stick-meta":"","header-below-stick-meta":"","astra-migrate-meta-layouts":"default","ast-page-background-enabled":"default","ast-page-background-meta":{"desktop":{"background-color":"var(--ast-global-color-4)","background-image":"","background-repeat":"repeat","background-position":"center center","background-size":"auto","background-attachment":"scroll","background-type":"","background-media":"","overlay-type":"","overlay-color":"","overlay-opacity":"","overlay-gradient":""},"tablet":{"background-color":"","background-image":"","background-repeat":"repeat","background-position":"center center","background-size":"auto","background-attachment":"scroll","background-type":"","background-media":"","overlay-type":"","overlay-color":"","overlay-opacity":"","overlay-gradient":""},"mobile":{"background-color":"","background-image":"","background-repeat":"repeat","background-position":"center center","background-size":"auto","background-attachment":"scroll","background-type":"","background-media":"","overlay-type":"","overlay-color":"","overlay-opacity":"","overlay-gradient":""}},"ast-content-background-meta":{"desktop":{"background-color":"var(--ast-global-color-5)","background-image":"","background-repeat":"repeat","background-position":"center center","background-size":"auto","background-attachment":"scroll","background-type":"","background-media":"","overlay-type":"","overlay-color":"","overlay-opacity":"","overlay-gradient":""},"tablet":{"background-color":"var(--ast-global-color-5)","background-image":"","background-repeat":"repeat","background-position":"center center","background-size":"auto","background-attachment":"scroll","background-type":"","background-media":"","overlay-type":"","overlay-color":"","overlay-opacity":"","overlay-gradient":""},"mobile":{"background-color":"var(--ast-global-color-5)","background-image":"","background-repeat":"repeat","background-position":"center center","background-size":"auto","background-attachment":"scroll","background-type":"","background-media":"","overlay-type":"","overlay-color":"","overlay-opacity":"","overlay-gradient":""}},"footnotes":""},"class_list":["post-740","page","type-page","status-publish","hentry"],"uagb_featured_image_src":{"full":false,"thumbnail":false,"medium":false,"medium_large":false,"large":false,"1536x1536":false,"2048x2048":false},"uagb_author_info":{"display_name":"zzo7o3j11oa2","author_link":"https:\/\/weixelbaumer-n.web.kslinz.at\/wp2025\/?author=6"},"uagb_comment_info":0,"uagb_excerpt":"IMPRESSUM Impressum Angaben gem\u00e4\u00df \u00a7 5 E-Commerce-Gesetz, \u00a7 24 Mediengesetz: Name:Niclas WeixelbaumerAdresse:Stockhofstra\u00dfe 104020 Linz\u00d6sterreich Kontakt:Telefon: 101-0101-0101E-Mail: WEIXELBAUMER.N@hlw.kslinz.at Verantwortlich f\u00fcr den [&hellip;]","_links":{"self":[{"href":"https:\/\/weixelbaumer-n.web.kslinz.at\/wp2025\/index.php?rest_route=\/wp\/v2\/pages\/740","targetHints":{"allow":["GET"]}}],"collection":[{"href":"https:\/\/weixelbaumer-n.web.kslinz.at\/wp2025\/index.php?rest_route=\/wp\/v2\/pages"}],"about":[{"href":"https:\/\/weixelbaumer-n.web.kslinz.at\/wp2025\/index.php?rest_route=\/wp\/v2\/types\/page"}],"author":[{"embeddable":true,"href":"https:\/\/weixelbaumer-n.web.kslinz.at\/wp2025\/index.php?rest_route=\/wp\/v2\/users\/6"}],"replies":[{"embeddable":true,"href":"https:\/\/weixelbaumer-n.web.kslinz.at\/wp2025\/index.php?rest_route=%2Fwp%2Fv2%2Fcomments&post=740"}],"version-history":[{"count":4,"href":"https:\/\/weixelbaumer-n.web.kslinz.at\/wp2025\/index.php?rest_route=\/wp\/v2\/pages\/740\/revisions"}],"predecessor-version":[{"id":798,"href":"https:\/\/weixelbaumer-n.web.kslinz.at\/wp2025\/index.php?rest_route=\/wp\/v2\/pages\/740\/revisions\/798"}],"wp:attachment":[{"href":"https:\/\/weixelbaumer-n.web.kslinz.at\/wp2025\/index.php?rest_route=%2Fwp%2Fv2%2Fmedia&parent=740"}],"curies":[{"name":"wp","href":"https:\/\/api.w.org\/{rel}","templated":true}]}}